{"id":12043,"date":"2020-07-11T20:43:21","date_gmt":"2020-07-11T18:43:21","guid":{"rendered":"https:\/\/www.fotoconnexio.org\/repositorio\/webs-i-blogs\/"},"modified":"2022-05-24T19:15:27","modified_gmt":"2022-05-24T17:15:27","slug":"webs-y-blogs","status":"publish","type":"page","link":"https:\/\/www.fotoconnexio.org\/es\/repositorio\/webs-y-blogs\/","title":{"rendered":"Webs y blogs"},"content":{"rendered":"<p>[et_pb_section bb_built=\u00bb1&#8243; admin_label=\u00bbsection\u00bb _builder_version=\u00bb3.22&#8243;][et_pb_row admin_label=\u00bbrow\u00bb _builder_version=\u00bb3.25&#8243; background_size=\u00bbinitial\u00bb background_position=\u00bbtop_left\u00bb background_repeat=\u00bbrepeat\u00bb][et_pb_column type=\u00bb4_4&#8243; _builder_version=\u00bb3.25&#8243; custom_padding=\u00bb|||\u00bb custom_padding__hover=\u00bb|||\u00bb][et_pb_text _builder_version=\u00bb4.9.7&#8243; background_size=\u00bbinitial\u00bb background_position=\u00bbtop_left\u00bb background_repeat=\u00bbrepeat\u00bb text_text_shadow_horizontal_length=\u00bbtext_text_shadow_style,%91object Object%93&#8243; text_text_shadow_horizontal_length_tablet=\u00bb0px\u00bb text_text_shadow_vertical_length=\u00bbtext_text_shadow_style,%91object Object%93&#8243; text_text_shadow_vertical_length_tablet=\u00bb0px\u00bb text_text_shadow_blur_strength=\u00bbtext_text_shadow_style,%91object Object%93&#8243; text_text_shadow_blur_strength_tablet=\u00bb1px\u00bb link_text_shadow_horizontal_length=\u00bblink_text_shadow_style,%91object Object%93&#8243; link_text_shadow_horizontal_length_tablet=\u00bb0px\u00bb link_text_shadow_vertical_length=\u00bblink_text_shadow_style,%91object Object%93&#8243; link_text_shadow_vertical_length_tablet=\u00bb0px\u00bb link_text_shadow_blur_strength=\u00bblink_text_shadow_style,%91object Object%93&#8243; link_text_shadow_blur_strength_tablet=\u00bb1px\u00bb ul_text_shadow_horizontal_length=\u00bbul_text_shadow_style,%91object Object%93&#8243; ul_text_shadow_horizontal_length_tablet=\u00bb0px\u00bb ul_text_shadow_vertical_length=\u00bbul_text_shadow_style,%91object Object%93&#8243; ul_text_shadow_vertical_length_tablet=\u00bb0px\u00bb ul_text_shadow_blur_strength=\u00bbul_text_shadow_style,%91object Object%93&#8243; ul_text_shadow_blur_strength_tablet=\u00bb1px\u00bb ol_text_shadow_horizontal_length=\u00bbol_text_shadow_style,%91object Object%93&#8243; ol_text_shadow_horizontal_length_tablet=\u00bb0px\u00bb ol_text_shadow_vertical_length=\u00bbol_text_shadow_style,%91object Object%93&#8243; ol_text_shadow_vertical_length_tablet=\u00bb0px\u00bb ol_text_shadow_blur_strength=\u00bbol_text_shadow_style,%91object Object%93&#8243; ol_text_shadow_blur_strength_tablet=\u00bb1px\u00bb quote_text_shadow_horizontal_length=\u00bbquote_text_shadow_style,%91object Object%93&#8243; quote_text_shadow_horizontal_length_tablet=\u00bb0px\u00bb quote_text_shadow_vertical_length=\u00bbquote_text_shadow_style,%91object Object%93&#8243; quote_text_shadow_vertical_length_tablet=\u00bb0px\u00bb quote_text_shadow_blur_strength=\u00bbquote_text_shadow_style,%91object Object%93&#8243; quote_text_shadow_blur_strength_tablet=\u00bb1px\u00bb header_text_shadow_horizontal_length=\u00bbheader_text_shadow_style,%91object Object%93&#8243; header_text_shadow_horizontal_length_tablet=\u00bb0px\u00bb header_text_shadow_vertical_length=\u00bbheader_text_shadow_style,%91object Object%93&#8243; header_text_shadow_vertical_length_tablet=\u00bb0px\u00bb header_text_shadow_blur_strength=\u00bbheader_text_shadow_style,%91object Object%93&#8243; header_text_shadow_blur_strength_tablet=\u00bb1px\u00bb header_2_text_shadow_horizontal_length=\u00bbheader_2_text_shadow_style,%91object Object%93&#8243; header_2_text_shadow_horizontal_length_tablet=\u00bb0px\u00bb header_2_text_shadow_vertical_length=\u00bbheader_2_text_shadow_style,%91object Object%93&#8243; header_2_text_shadow_vertical_length_tablet=\u00bb0px\u00bb header_2_text_shadow_blur_strength=\u00bbheader_2_text_shadow_style,%91object Object%93&#8243; header_2_text_shadow_blur_strength_tablet=\u00bb1px\u00bb header_3_text_shadow_horizontal_length=\u00bbheader_3_text_shadow_style,%91object Object%93&#8243; header_3_text_shadow_horizontal_length_tablet=\u00bb0px\u00bb header_3_text_shadow_vertical_length=\u00bbheader_3_text_shadow_style,%91object Object%93&#8243; header_3_text_shadow_vertical_length_tablet=\u00bb0px\u00bb header_3_text_shadow_blur_strength=\u00bbheader_3_text_shadow_style,%91object Object%93&#8243; header_3_text_shadow_blur_strength_tablet=\u00bb1px\u00bb header_4_text_shadow_horizontal_length=\u00bbheader_4_text_shadow_style,%91object Object%93&#8243; header_4_text_shadow_horizontal_length_tablet=\u00bb0px\u00bb header_4_text_shadow_vertical_length=\u00bbheader_4_text_shadow_style,%91object Object%93&#8243; header_4_text_shadow_vertical_length_tablet=\u00bb0px\u00bb header_4_text_shadow_blur_strength=\u00bbheader_4_text_shadow_style,%91object Object%93&#8243; header_4_text_shadow_blur_strength_tablet=\u00bb1px\u00bb header_5_text_shadow_horizontal_length=\u00bbheader_5_text_shadow_style,%91object Object%93&#8243; header_5_text_shadow_horizontal_length_tablet=\u00bb0px\u00bb header_5_text_shadow_vertical_length=\u00bbheader_5_text_shadow_style,%91object Object%93&#8243; header_5_text_shadow_vertical_length_tablet=\u00bb0px\u00bb header_5_text_shadow_blur_strength=\u00bbheader_5_text_shadow_style,%91object Object%93&#8243; header_5_text_shadow_blur_strength_tablet=\u00bb1px\u00bb header_6_text_shadow_horizontal_length=\u00bbheader_6_text_shadow_style,%91object Object%93&#8243; header_6_text_shadow_horizontal_length_tablet=\u00bb0px\u00bb header_6_text_shadow_vertical_length=\u00bbheader_6_text_shadow_style,%91object Object%93&#8243; header_6_text_shadow_vertical_length_tablet=\u00bb0px\u00bb header_6_text_shadow_blur_strength=\u00bbheader_6_text_shadow_style,%91object Object%93&#8243; header_6_text_shadow_blur_strength_tablet=\u00bb1px\u00bb box_shadow_horizontal_tablet=\u00bb0px\u00bb box_shadow_vertical_tablet=\u00bb0px\u00bb box_shadow_blur_tablet=\u00bb40px\u00bb box_shadow_spread_tablet=\u00bb0px\u00bb vertical_offset_tablet=\u00bb0&#8243; horizontal_offset_tablet=\u00bb0&#8243; z_index_tablet=\u00bb0&#8243;]<\/p>\n<h1 style=\"text-align: center;\">Webs de socios<\/h1>\n<ul>\n<li>Gesti\u00f3 Fotogr\u00e1fica (<strong>Juan Alonso Fern\u00e1ndez<\/strong>)<br \/><span style=\"color: #000080;\"><a style=\"color: #000080;\" href=\"http:\/\/www.gestionfotografica.com\/\">http:\/\/www.gestionfotografica.com\/<\/a><\/span><\/li>\n<li>Dip\u00f2sit Digital de la Universitat de Barcelona (<strong>Vict\u00f2ria Bonet Carbonell<\/strong>)<br \/><span style=\"color: #000080;\"><a style=\"color: #000080;\" href=\"http:\/\/diposit.ub.edu\/dspace\/handle\/2445\/59866\">http:\/\/diposit.ub.edu\/dspace\/handle\/2445\/59866<\/a><\/span><\/li>\n<li><strong>Etel Reis<\/strong><br \/><span style=\"color: #000080;\"><a style=\"color: #000080;\" href=\"http:\/\/www.etelreis.com\/\">http:\/\/www.etelreis.com\/<\/a><\/span><\/li>\n<li><strong>Sergi Carn\u00e9 Cugat<\/strong><br \/><span style=\"color: #000080;\"><a style=\"color: #000080;\" href=\"https:\/\/500px.com\/sergicarne\">https:\/\/500px.com\/sergicarne<\/a><\/span><\/li>\n<li>Barita y Plata (<strong>Laura Covars\u00ed<\/strong>)<br \/><span style=\"color: #000080;\"><a style=\"color: #000080;\" href=\"http:\/\/www.baritayplata.com\/\"><u>http:\/\/www.baritayplata.com<\/u><\/a><\/span><\/li>\n<li><strong>Albert Dom\u00e8nech i Alberdi<\/strong><br \/><span style=\"color: #000080;\"><a style=\"color: #000080;\" href=\"http:\/\/librorum.piscolabis.cat\/\">http:\/\/librorum.piscolabis.cat\/<\/a><\/span><\/li>\n<li><strong>Magal\u00ed G\u00f3mez-Franco Estrella<\/strong><br \/><span style=\"color: #000080;\"><a style=\"color: #000080;\" href=\"http:\/\/magainstantanea.blogspot.com.es\/\">http:\/\/magainstantanea.blogspot.com.es\/<\/a><\/span><\/li>\n<li><strong>Christina Guldager Christiansen<\/strong><br \/><span style=\"color: #000080;\"><a style=\"color: #000080;\" href=\"http:\/\/www.christinaguldager.com\/\">http:\/\/www.christinaguldager.com\/<\/a><\/span><\/li>\n<li><strong>Mart\u00ed Llorens \u00c1lvarez<\/strong><br \/><span style=\"color: #000080;\"><a style=\"color: #000080;\" href=\"http:\/\/www.martillorens.com\/\">http:\/\/www.martillorens.com\/<\/a><\/span><br \/><span style=\"color: #000080;\"><a style=\"color: #000080;\" href=\"http:\/\/www.factoriaheliografica.com\/\">http:\/\/www.factoriaheliografica.com\/<\/a><\/span><\/li>\n<li><strong>Rosa Mar\u00eda L\u00f3pez Mart\u00ednez<\/strong><br \/><span style=\"color: #000080;\"><a style=\"color: #000080;\" href=\"http:\/\/www.ultramarinos.net\/\">http:\/\/www.ultramarinos.net\/<\/a><\/span><\/li>\n<li>L\u2019album del Jep (<strong>Jep Mart\u00ed<\/strong>)<br \/><span style=\"color: #000080;\"><a style=\"color: #000080;\" href=\"https:\/\/lalbumdeljep.wordpress.com\/\"><u>https:\/\/lalbumdeljep.wordpress.com\/<\/u><\/a><\/span><\/li>\n<li><strong>N\u00faria Mart\u00ednez Seguer<\/strong><br \/><span style=\"color: #000080;\"><a style=\"color: #000080;\" href=\"https:\/\/seguer.carbonmade.com\/\">https:\/\/seguer.carbonmade.com\/<\/a><\/span><\/li>\n<li><strong>Carles Mitj\u00e0 Caball\u00e9<\/strong><br \/><span style=\"color: #000080;\"><a style=\"color: #000080;\" href=\"http:\/\/www.carlesmitja.com\/\">http:\/\/www.carlesmitja.com\/<\/a><\/span><\/li>\n<li><strong>Anna Nicolau Pay\u00e0ss<\/strong><br \/><span style=\"color: #000080;\"><a style=\"color: #000080;\" href=\"https:\/\/expertes.dones.gencat.cat\/experta\/anna-nicolau-payas\/\">https:\/\/expertes.dones.gencat.cat\/experta\/anna-nicolau-payas\/<\/a><\/span><br \/><span style=\"color: #000080;\"><a style=\"color: #000080;\" href=\"https:\/\/www.directorioexit.info\/ficha769\">https:\/\/www.directorioexit.info\/ficha769<\/a><\/span><\/li>\n<li><strong>V\u00edctor Oliva<\/strong><br \/><span style=\"color: #000080;\"><a style=\"color: #000080;\" href=\"http:\/\/www.victoroliva.com\/\">http:\/\/www.victoroliva.com\/<\/a><\/span><\/li>\n<li><strong>Jaume Orpinell Ros<\/strong><br \/><span style=\"color: #000080;\"><a style=\"color: #000080;\" href=\"https:\/\/www.behance.net\/eosaf\">https:\/\/www.behance.net\/eosaf<\/a><\/span><br \/><span style=\"color: #000080;\"><a style=\"color: #000080;\" href=\"http:\/\/www.jaumeorpinell.cat\/\">http:\/\/www.jaumeorpinell.cat\/<\/a><\/span><\/li>\n<li><strong>Gabriel Casas i Galobardes<\/strong><br \/><span style=\"color: #000080;\"><a style=\"color: #000080;\" href=\"http:\/\/www.gabrielcasas.cat\">http:\/\/www.gabrielcasas.cat<\/a><\/span><\/li>\n<li><strong>Carmen Perrotta<\/strong><br \/><span style=\"color: #000080;\"><a style=\"color: #000080;\" href=\"http:\/\/barcelona.academia.edu\/CarmenPerrotta\">http:\/\/barcelona.academia.edu\/CarmenPerrotta<\/a><\/span><\/li>\n<li><strong>Lloren\u00e7 Pi\u00e9 Nicol\u00e0s<\/strong><br \/><span style=\"color: #000080;\"><a style=\"color: #000080;\" href=\"http:\/\/www.fotoart-llorens.com\/\">http:\/\/www.fotoart-llorens.com\/<\/a><\/span><\/li>\n<li><strong>Miquel Planchart<\/strong><br \/><span style=\"color: #000080;\"><a style=\"color: #000080;\" href=\"http:\/\/www.btxestudi.com\/\">http:\/\/www.btxestudi.com\/<\/a><\/span><\/li>\n<li><strong>Mariano Rodr\u00edguez Blanco<\/strong><br \/><span style=\"color: #000080;\"><a style=\"color: #000080;\" href=\"http:\/\/www.marianoblanco.com\/\">http:\/\/www.marianoblanco.com\/<\/a><\/span><\/li>\n<li>Gabriel Casas i Galobardes (<strong>Lluis Saura Mart\u00ed<\/strong>)<br \/><span style=\"color: #000080;\"><a style=\"color: #000080;\" href=\"http:\/\/www.gabrielcasas.cat\">http:\/\/www.gabrielcasas.cat<\/a><\/span><\/li>\n<li><strong>Laura Terr\u00e9 Alonso<\/strong><br \/><span style=\"color: #000080;\"><a style=\"color: #000080;\" href=\"https:\/\/independent.academia.edu\/LauraTerr%C3%A9\">https:\/\/independent.academia.edu\/LauraTerr%C3%A9<\/a><\/span><\/li>\n<li><strong>Norbert Tom\u00e0s Bilbeny<\/strong><br \/><span style=\"color: #000080;\"><a style=\"color: #000080;\" href=\"http:\/\/www.norbertfoto.com\/\">http:\/\/www.norbertfoto.com\/<\/a><\/span><\/li>\n<li><strong>Albert Bonnin<\/strong><br \/><span style=\"color: #000080;\"><a style=\"color: #000080;\" href=\"http:\/\/www.albertbonnin.com\" target=\"_blank\" rel=\"noopener noreferrer\">http:\/\/www.albertbonnin.com<\/a><\/span><\/li>\n<\/ul>\n<p>\u00a0<\/p>\n<p>[\/et_pb_text][\/et_pb_column][\/et_pb_row][\/et_pb_section]<\/p>\n","protected":false},"excerpt":{"rendered":"<p>Webs de sociosGesti\u00f3 Fotogr\u00e1fica (Juan Alonso Fern\u00e1ndez)http:\/\/www.gestionfotografica.com\/Dip\u00f2sit Digital de la Universitat de Barcelona (Vict\u00f2ria Bonet Carbonell)http:\/\/diposit.ub.edu\/dspace\/handle\/2445\/59866Etel Reishttp:\/\/www.etelreis.com\/Sergi Carn\u00e9 Cugathttps:\/\/500px.com\/sergicarneBarita y Plata (Laura Covars\u00ed)http:\/\/www.baritayplata.comAlbert Dom\u00e8nech i Alberdihttp:\/\/librorum.piscolabis.cat\/Magal\u00ed G\u00f3mez-Franco Estrellahttp:\/\/magainstantanea.blogspot.com.es\/Christina Guldager Christiansenhttp:\/\/www.christinaguldager.com\/Mart\u00ed [&hellip;]<\/p>\n","protected":false},"author":7,"featured_media":0,"parent":11919,"menu_order":2,"comment_status":"closed","ping_status":"closed","template":"","meta":{"_et_pb_use_builder":"on","_et_pb_old_content":"<h1 style=\"text-align: center;\">Webs de socis<\/h1>\r\n<ul>\r\n \t<li>Gesti\u00f3 Fotogr\u00e1fica (<strong>Juan Alonso Fern\u00e1ndez<\/strong>)\r\n<a href=\"http:\/\/www.gestionfotografica.com\/\">http:\/\/www.gestionfotografica.com\/<\/a><\/li>\r\n \t<li>Dip\u00f2sit Digital de la Universitat de Barcelona (<strong>Vict\u00f2ria Bonet Carbonell<\/strong>)\r\n<a href=\"http:\/\/diposit.ub.edu\/dspace\/handle\/2445\/59866\">http:\/\/diposit.ub.edu\/dspace\/handle\/2445\/59866<\/a><\/li>\r\n \t<li><strong>Etel Reis<\/strong>\r\n<a href=\"http:\/\/www.etelreis.com\/\">http:\/\/www.etelreis.com\/<\/a><\/li>\r\n \t<li><strong>Sergi Carn\u00e9 Cugat<\/strong>\r\n<a href=\"https:\/\/500px.com\/sergicarne\">https:\/\/500px.com\/sergicarne<\/a><\/li>\r\n \t<li>Barita y Plata (<strong>Laura Covars\u00ed<\/strong>)\r\n<a href=\"http:\/\/www.baritayplata.com\/\"><u>http:\/\/www.baritayplata.com<\/u><\/a><\/li>\r\n \t<li><strong>Albert Dom\u00e8nech i Alberdi<\/strong>\r\n<a href=\"http:\/\/librorum.piscolabis.cat\/\">http:\/\/librorum.piscolabis.cat\/<\/a><\/li>\r\n \t<li><strong>Magal\u00ed G\u00f3mez-Franco Estrella<\/strong>\r\n<a href=\"http:\/\/magainstantanea.blogspot.com.es\/\">http:\/\/magainstantanea.blogspot.com.es\/<\/a><\/li>\r\n \t<li><strong>Christina Guldager Christiansen<\/strong>\r\n<a href=\"http:\/\/www.christinaguldager.com\/\">http:\/\/www.christinaguldager.com\/<\/a><\/li>\r\n \t<li><strong>Mart\u00ed Llorens \u00c1lvarez<\/strong>\r\n<a href=\"http:\/\/www.martillorens.com\/\">http:\/\/www.martillorens.com\/<\/a>\r\n<a href=\"http:\/\/www.factoriaheliografica.com\/\">http:\/\/www.factoriaheliografica.com\/<\/a><\/li>\r\n \t<li><strong>Rosa Mar\u00eda L\u00f3pez Mart\u00ednez<\/strong>\r\n<a href=\"http:\/\/www.ultramarinos.net\/\">http:\/\/www.ultramarinos.net\/<\/a><\/li>\r\n \t<li>L\u2019album del Jep (<strong>Jep Mart\u00ed<\/strong>)\r\n<a href=\"https:\/\/lalbumdeljep.wordpress.com\/\"><u>https:\/\/lalbumdeljep.wordpress.com\/<\/u><\/a><\/li>\r\n \t<li><strong>N\u00faria Mart\u00ednez Seguer<\/strong>\r\n<a href=\"https:\/\/seguer.carbonmade.com\/\">https:\/\/seguer.carbonmade.com\/<\/a><\/li>\r\n \t<li><strong>Carles Mitj\u00e0 Caball\u00e9<\/strong>\r\n<a href=\"http:\/\/www.carlesmitja.com\/\">http:\/\/www.carlesmitja.com\/<\/a><\/li>\r\n \t<li><strong>Anna Nicolau Pay\u00e0ss<\/strong>\r\n<a href=\"https:\/\/expertes.dones.gencat.cat\/experta\/anna-nicolau-payas\/\">https:\/\/expertes.dones.gencat.cat\/experta\/anna-nicolau-payas\/<\/a>\r\n<a href=\"https:\/\/www.directorioexit.info\/ficha769\">https:\/\/www.directorioexit.info\/ficha769<\/a><\/li>\r\n \t<li><strong>V\u00edctor Oliva<\/strong>\r\n<a href=\"http:\/\/www.victoroliva.com\/\">http:\/\/www.victoroliva.com\/<\/a><\/li>\r\n \t<li><strong>Jaume Orpinell Ros<\/strong>\r\n<a href=\"https:\/\/www.behance.net\/eosaf\">https:\/\/www.behance.net\/eosaf<\/a>\r\n<a href=\"http:\/\/www.jaumeorpinell.cat\/\">http:\/\/www.jaumeorpinell.cat\/<\/a><\/li>\r\n \t<li><strong>Gabriel Casas i Galobardes<\/strong>\r\n<a href=\"http:\/\/www.gabrielcasas.cat\">http:\/\/www.gabrielcasas.cat<\/a><\/li>\r\n \t<li><strong>Carmen Perrotta<\/strong>\r\n<a href=\"http:\/\/barcelona.academia.edu\/CarmenPerrotta\">http:\/\/barcelona.academia.edu\/CarmenPerrotta<\/a><\/li>\r\n \t<li><strong>Lloren\u00e7 Pi\u00e9 Nicol\u00e0s<\/strong>\r\n<a href=\"http:\/\/www.fotoart-llorens.com\/\">http:\/\/www.fotoart-llorens.com\/<\/a><\/li>\r\n \t<li><strong>Miquel Planchart<\/strong>\r\n<a href=\"http:\/\/www.btxestudi.com\/\">http:\/\/www.btxestudi.com\/<\/a><\/li>\r\n \t<li><strong>Mariano Rodr\u00edguez Blanco<\/strong>\r\n<a href=\"http:\/\/www.marianoblanco.com\/\">http:\/\/www.marianoblanco.com\/<\/a><\/li>\r\n \t<li>Gabriel Casas i Galobardes (<strong>Lluis Saura Mart\u00ed<\/strong>)\r\n<a href=\"http:\/\/www.gabrielcasas.cat\">http:\/\/www.gabrielcasas.cat<\/a><\/li>\r\n \t<li><strong>Laura Terr\u00e9 Alonso<\/strong>\r\n<a href=\"https:\/\/independent.academia.edu\/LauraTerr%C3%A9\">https:\/\/independent.academia.edu\/LauraTerr%C3%A9<\/a><\/li>\r\n \t<li><strong>Norbert Tom\u00e0s Bilbeny<\/strong>\r\n<a href=\"http:\/\/www.norbertfoto.com\/\">http:\/\/www.norbertfoto.com\/<\/a><\/li>\r\n<\/ul>","_et_gb_content_width":"","_cbd_carousel_blocks":"[]","footnotes":""},"class_list":["post-12043","page","type-page","status-publish","hentry"],"aioseo_notices":[],"_links":{"self":[{"href":"https:\/\/www.fotoconnexio.org\/es\/wp-json\/wp\/v2\/pages\/12043","targetHints":{"allow":["GET"]}}],"collection":[{"href":"https:\/\/www.fotoconnexio.org\/es\/wp-json\/wp\/v2\/pages"}],"about":[{"href":"https:\/\/www.fotoconnexio.org\/es\/wp-json\/wp\/v2\/types\/page"}],"author":[{"embeddable":true,"href":"https:\/\/www.fotoconnexio.org\/es\/wp-json\/wp\/v2\/users\/7"}],"replies":[{"embeddable":true,"href":"https:\/\/www.fotoconnexio.org\/es\/wp-json\/wp\/v2\/comments?post=12043"}],"version-history":[{"count":0,"href":"https:\/\/www.fotoconnexio.org\/es\/wp-json\/wp\/v2\/pages\/12043\/revisions"}],"up":[{"embeddable":true,"href":"https:\/\/www.fotoconnexio.org\/es\/wp-json\/wp\/v2\/pages\/11919"}],"wp:attachment":[{"href":"https:\/\/www.fotoconnexio.org\/es\/wp-json\/wp\/v2\/media?parent=12043"}],"curies":[{"name":"wp","href":"https:\/\/api.w.org\/{rel}","templated":true}]}}