{"id":12071,"date":"2020-07-11T20:49:32","date_gmt":"2020-07-11T18:49:32","guid":{"rendered":"https:\/\/www.fotoconnexio.org\/repositorio\/webs-i-fonts-de-referencia\/"},"modified":"2022-05-24T19:02:19","modified_gmt":"2022-05-24T17:02:19","slug":"webs-y-fuentes-de-referencia","status":"publish","type":"page","link":"https:\/\/www.fotoconnexio.org\/es\/repositorio\/webs-y-fuentes-de-referencia\/","title":{"rendered":"Webs y fuentes de referencia"},"content":{"rendered":"<h2>Webs<\/h2>\n<ul>\n<li>Observatori Fotogr\u00e0fic del Paisatge de les Illes Balears (OFP)<br \/>\n<span style=\"color: #0000ff;\"><a style=\"color: #0000ff;\" href=\"http:\/\/www.observatorifotograficbalears.com\/\">http:\/\/www.observatorifotograficbalears.com\/<\/a><\/span><\/li>\n<li>Documentaci\u00f3 Fotogr\u00e0fica<br \/>\n<span style=\"color: #0000ff;\"><a style=\"color: #0000ff;\" href=\"http:\/\/www.documentacionfotografica.com\/\">http:\/\/www.documentacionfotografica.com\/<\/a><\/span><\/li>\n<li>Colleci\u00f3n Fern\u00e1ndez Rivero<br \/>\n<span style=\"color: #0000ff;\"><a style=\"color: #0000ff;\" href=\"http:\/\/www.cfrivero.com\/\">http:\/\/www.cfrivero.com\/<\/a><\/span><\/li>\n<li>Fotos de Barcelona<br \/>\n<span style=\"color: #0000ff;\"><a style=\"color: #0000ff;\" href=\"http:\/\/fotosdebarcelona.com\/\">http:\/\/fotosdebarcelona.com\/<\/a><\/span><\/li>\n<li>Fotografia a Catalunya<br \/>\n<span style=\"color: #0000ff;\"><a style=\"color: #0000ff;\" href=\"http:\/\/www.fotografiacatalunya.cat\/\">http:\/\/www.fotografiacatalunya.cat\/<\/a><\/span><\/li>\n<li>Photobook Club Barcelona<br \/>\n<span style=\"color: #0000ff;\"><a style=\"color: #0000ff;\" href=\"http:\/\/photobookclubbarcelona.com\/ca\/\">http:\/\/photobookclubbarcelona.com\/ca\/<\/a><\/span><\/li>\n<li><strong>Xataka Foto<\/strong><br \/>\n<span style=\"color: #0000ff;\"><a style=\"color: #0000ff;\" href=\"https:\/\/www.xatakafoto.com\/\">https:\/\/www.xatakafoto.com\/<\/a><\/span><\/li>\n<li><strong>Photographers\u2019 Identities Catalog (PIC)<\/strong><br \/>\n<span style=\"color: #0000ff;\"><a style=\"color: #0000ff;\" href=\"http:\/\/pic.nypl.org\/\">http:\/\/pic.nypl.org\/<\/a><\/span><\/li>\n<li><strong>Groupe de Recherche sur l&#8217;Image dans le Monde Hispanique (GRIMH)<\/strong><br \/>\n<span style=\"color: #0000ff;\"><a style=\"color: #0000ff;\" href=\"https:\/\/www.grimh.org\/\">https:\/\/www.grimh.org\/<\/a><\/span><\/li>\n<li><strong>Proc\u00e9s fotogr\u00e0fic al gelatinobromur de revelatge (CRDI)<\/strong><br \/>\n<span style=\"color: #0000ff;\"><a style=\"color: #0000ff;\" href=\"https:\/\/youtu.be\/8YiDshpX-Wc\" target=\"_blank\" rel=\"noopener noreferrer\">https:\/\/youtu.be\/8YiDshpX-Wc<\/a><\/span><\/li>\n<\/ul>\n<h2>Publicaciones<\/h2>\n<ul>\n<li>CRDI- Articles t\u00e8cnics sobre fotografia i audiovisual<br \/>\n<span style=\"color: #0000ff;\"><a style=\"color: #0000ff;\" href=\"http:\/\/www.girona.cat\/sgdap\/cat\/articles_sgdap.php#fotografia\">http:\/\/www.girona.cat\/sgdap\/cat\/articles_sgdap.php#fotografia<\/a><\/span><\/li>\n<li>Instituci\u00f3n Fernando el Cat\u00f3lico. <em>I Jornadas sobre Investigaci\u00f3n en Historia de la Fotograf\u00eda. 1839-1939: Un siglo de fotograf\u00eda<\/em>.<br \/>\n<span style=\"color: #0000ff;\"><a style=\"color: #0000ff;\" href=\"https:\/\/ifc.dpz.es\/publicaciones\/ebooks\/id\/3629\">https:\/\/ifc.dpz.es\/publicaciones\/ebooks\/id\/3629<\/a><\/span><\/li>\n<li>Mayn\u00e9s i Tolosa, Pau.<em> Fotografia. La conservaci\u00f3 de col\u00b7leccions fotogr\u00e0fiques. <\/em>Generalitat de Catalunya. Departament de cultura, 2005.<br \/>\n<span style=\"color: #0000ff;\"><a style=\"color: #0000ff;\" href=\"http:\/\/cultura.gencat.cat\/web\/.content\/dgpc\/museus\/recursos_professionals\/publicacions\/fotcons.pdf\">http:\/\/cultura.gencat.cat\/web\/.content\/dgpc\/museus\/recursos_professionals\/publicacions\/fotcons.pdf<\/a><\/span><\/li>\n<\/ul>\n","protected":false},"excerpt":{"rendered":"<p>Webs Observatori Fotogr\u00e0fic del Paisatge de les Illes Balears (OFP) http:\/\/www.observatorifotograficbalears.com\/ Documentaci\u00f3 Fotogr\u00e0fica http:\/\/www.documentacionfotografica.com\/ Colleci\u00f3n Fern\u00e1ndez Rivero http:\/\/www.cfrivero.com\/ Fotos de Barcelona http:\/\/fotosdebarcelona.com\/ Fotografia a Catalunya http:\/\/www.fotografiacatalunya.cat\/ Photobook Club Barcelona http:\/\/photobookclubbarcelona.com\/ca\/ [&hellip;]<\/p>\n","protected":false},"author":7,"featured_media":0,"parent":11919,"menu_order":2,"comment_status":"closed","ping_status":"closed","template":"","meta":{"_et_pb_use_builder":"","_et_pb_old_content":"","_et_gb_content_width":"","_cbd_carousel_blocks":"[]","footnotes":""},"class_list":["post-12071","page","type-page","status-publish","hentry"],"aioseo_notices":[],"_links":{"self":[{"href":"https:\/\/www.fotoconnexio.org\/es\/wp-json\/wp\/v2\/pages\/12071","targetHints":{"allow":["GET"]}}],"collection":[{"href":"https:\/\/www.fotoconnexio.org\/es\/wp-json\/wp\/v2\/pages"}],"about":[{"href":"https:\/\/www.fotoconnexio.org\/es\/wp-json\/wp\/v2\/types\/page"}],"author":[{"embeddable":true,"href":"https:\/\/www.fotoconnexio.org\/es\/wp-json\/wp\/v2\/users\/7"}],"replies":[{"embeddable":true,"href":"https:\/\/www.fotoconnexio.org\/es\/wp-json\/wp\/v2\/comments?post=12071"}],"version-history":[{"count":0,"href":"https:\/\/www.fotoconnexio.org\/es\/wp-json\/wp\/v2\/pages\/12071\/revisions"}],"up":[{"embeddable":true,"href":"https:\/\/www.fotoconnexio.org\/es\/wp-json\/wp\/v2\/pages\/11919"}],"wp:attachment":[{"href":"https:\/\/www.fotoconnexio.org\/es\/wp-json\/wp\/v2\/media?parent=12071"}],"curies":[{"name":"wp","href":"https:\/\/api.w.org\/{rel}","templated":true}]}}